{"id":45,"date":"2025-03-31T17:24:51","date_gmt":"2025-03-31T15:24:51","guid":{"rendered":"https:\/\/bidekariak.eus\/caminos\/"},"modified":"2025-03-31T23:06:41","modified_gmt":"2025-03-31T21:06:41","slug":"caminos","status":"publish","type":"page","link":"https:\/\/bidekariak.eus\/es\/","title":{"rendered":"Bidekariak"},"content":{"rendered":"\n<div class=\"wp-block-cover alignfull is-light wp-duotone-beb045-ffffff-1\" style=\"padding-top:var(--wp--preset--spacing--60);padding-bottom:var(--wp--preset--spacing--60);min-height:639px;aspect-ratio:unset;\"><span aria-hidden=\"true\" class=\"wp-block-cover__background has-base-background-color has-background-dim-100 has-background-dim\"><\/span><img loading=\"lazy\" decoding=\"async\" width=\"1920\" height=\"696\" class=\"wp-block-cover__image-background wp-image-29\" alt=\"\" src=\"https:\/\/bidekariak.eus\/app\/uploads\/2025\/03\/vecteezy_vector-background-with-mountains-nature-mountain-in-green_8277939.jpg\" data-object-fit=\"cover\" srcset=\"https:\/\/bidekariak.eus\/wp-content\/uploads\/2025\/03\/vecteezy_vector-background-with-mountains-nature-mountain-in-green_8277939.jpg 1920w, https:\/\/bidekariak.eus\/wp-content\/uploads\/2025\/03\/vecteezy_vector-background-with-mountains-nature-mountain-in-green_8277939-300x109.jpg 300w, https:\/\/bidekariak.eus\/wp-content\/uploads\/2025\/03\/vecteezy_vector-background-with-mountains-nature-mountain-in-green_8277939-1024x371.jpg 1024w, https:\/\/bidekariak.eus\/wp-content\/uploads\/2025\/03\/vecteezy_vector-background-with-mountains-nature-mountain-in-green_8277939-768x278.jpg 768w, https:\/\/bidekariak.eus\/wp-content\/uploads\/2025\/03\/vecteezy_vector-background-with-mountains-nature-mountain-in-green_8277939-1536x557.jpg 1536w\" sizes=\"auto, (max-width: 1920px) 100vw, 1920px\" \/><div class=\"wp-block-cover__inner-container has-global-padding is-layout-constrained wp-block-cover-is-layout-constrained\">\n<div class=\"wp-block-group alignwide is-layout-flow wp-block-group-is-layout-flow\"><style>html[dir=\"rtl\"] .wpml-language-switcher-block .wpml-ls-dropdown ul li.wp-block-navigation-submenu .wp-block-navigation-submenu__toggle img{margin-left:12px}html[dir=\"rtl\"] .wpml-language-switcher-block .wpml-ls-dropdown ul li.wp-block-navigation-submenu ul.isHorizontal li{text-align:right}html[dir=\"rtl\"] .wpml-language-switcher-block .wpml-ls-dropdown ul li.wp-block-navigation-submenu ul.isHorizontal li a img{margin-left:12px}.wpml-language-switcher-block{display:flex;box-sizing:border-box;width:100% !important}.wpml-language-switcher-block>.wp-block-navigation-item,.wpml-language-switcher-block>.wp-block-navigation-item>div{display:flex;width:100% !important}.wpml-language-switcher-block .wp-block-navigation__container{background:unset !important}.wpml-language-switcher-block .hide-arrow .wp-block-navigation__submenu-icon{display:none}.wpml-language-switcher-block .wpml-ls-dropdown ul li button{padding:0}.wpml-language-switcher-block .wpml-ls-dropdown ul li button+.isHorizontal{min-width:inherit !important}.wpml-language-switcher-block .wpml-ls-dropdown ul li button+.isHorizontal li{width:inherit !important}.wpml-language-switcher-block .wpml-ls-dropdown ul li button+.isHorizontal li a{display:flex;align-items:center;min-width:max-content}.wpml-language-switcher-block .wpml-ls-dropdown ul li.wp-block-navigation-submenu ul.isHorizontal{margin:0;min-width:inherit !important}.wpml-language-switcher-block .wpml-ls-dropdown ul li.wp-block-navigation-submenu ul.isHorizontal li{width:inherit !important;text-align:left}.wpml-language-switcher-block .wpml-ls-dropdown ul li.wp-block-navigation-submenu ul.isHorizontal li a{display:flex;align-items:center;min-width:max-content}.wpml-language-switcher-block ul{list-style-type:none !important;padding:0 !important;width:100%}.wpml-language-switcher-block ul li{margin:0 !important}.wpml-language-switcher-block ul.wp-block-navigation__submenu-container{border:inherit !important;background-color:unset !important;min-width:unset !important}.wpml-language-switcher-block ul.wp-block-navigation__submenu-container .wp-block-navigation-item{border-radius:0 !important}.wpml-language-switcher-block ul.wp-block-navigation__submenu-container .wp-block-navigation-item a{display:flex;align-items:center;min-width:max-content;padding:1px}.wpml-language-switcher-block ul.horizontal-list{display:flex;flex-direction:row;align-items:center;justify-content:flex-start;margin:0 !important;gap:1em !important}.wpml-language-switcher-block ul.horizontal-list li{display:inline-block;margin:0;line-height:100%}.wpml-language-switcher-block ul.horizontal-list li a{line-height:100%}.wpml-language-switcher-block ul.center-justify{justify-content:center}.wpml-language-switcher-block ul.center-justify .wp-block-navigation-item{justify-content:center}.wpml-language-switcher-block ul.right-justify{justify-content:right}.wpml-language-switcher-block ul.right-justify .wp-block-navigation-item{justify-content:right}.wpml-language-switcher-block ul.space_between-justify{justify-content:space-between}.wpml-language-switcher-block ul.space_between-justify li>div{white-space:nowrap}.wpml-language-switcher-block .hasHoverColor:hover{color:var(--hover-color) !important}.wpml-language-switcher-block .hasHoverBackgroundColor:hover{background-color:var(--hover-background-color) !important}.wpml-language-switcher-block ul.isHorizontal{padding-left:0;list-style:none}.wpml-language-switcher-block ul.isHorizontal li{display:inline;margin-left:0}.wpml-language-switcher-block ul.isHorizontal li div{display:inline-block}.wpml-language-switcher-block ul.hasSpacing.isHorizontal li:not(:last-child){margin-right:var(--language-spacing) !important}.wpml-language-switcher-block ul.hasSpacing.isVertical li:not(:last-child){margin-bottom:var(--language-spacing) !important}.wpml-language-switcher-block ul.hasSpacing.isVertical .wp-block-navigation-item>div,.wpml-language-switcher-block ul.hasSpacing.isVertical .wp-block-navigation-item>div>a{display:inline-flex;align-items:center}.wpml-language-switcher-block .hasHoverColor:hover{color:var(--hover-color) !important}.wpml-language-switcher-block .hasHoverBackgroundColor:hover{background-color:var(--hover-background-color) !important}.wpml-language-switcher-block .hasFontSize{font-size:var(--font-size) !important}.wpml-language-switcher-block .hasLetterSpacing{letter-spacing:var(--letter-spacing) !important}.wpml-language-switcher-block .hasTextTransform{text-transform:var(--text-transform) !important}.wpml-language-switcher-block .hasFontFamily{font-family:var(--font-family) !important}.wpml-ls-flag{display:inline-block}.wpml-ls-flag-style-btn{border:0px transparent;padding-top:3px !important}.wpml-ls-flag-style-btn.black-bg{background-color:black}.wpml-ls-flag-style-btn.transparent-bg{background-color:transparent}.wpml-ls-control-row{border:solid 1px #949494;border-radius:2px;margin-bottom:8px}.wpml-ls-control-row-with-padding{padding:1px}.wpml-ls-number-control{max-width:100%;width:100%}.wpml-ls-slider-control-alert{margin-top:5px !important}.wpml-ls-slider .ant-slider-track{background-color:#3858E9}.wpml-ls-slider .ant-slider-handle{border:solid 1px black}.wpml-ls-control-blue{color:#3858E9 !important}.wpml-ls-number-with-unit-select select{color:#3858E9 !important;font-weight:900 !important}.wpml-ls-control-grey{color:#757575}.wpml-ls-control-bg-grey{background-color:#a6a6a6}.wpml-ls-control-font{font-family:\"SF Pro Text\", sans-serif;font-style:normal;font-weight:400 !important;font-size:13px !important;line-height:140% !important}.wpml-ls-option-btn-col{padding:0.5px}.wpml-ls-no-borders{border:none}.ant-col-8.wpml-ls-option-btn-col{display:inline-flex}.wpml-ls-three-btn-row .wpml-ls-option-btn-wrap{white-space:normal;word-break:break-word}.wpml-ls-three-btn-row .ant-btn-no-height-less-padding{height:unset;padding-right:10px;padding-left:10px}.wpml-ls-full-width{width:100%}.wpml-ls-toggle-control .components-form-toggle.is-checked>.components-form-toggle__track{background-color:#3858E9;border-color:#3858E9}.wpml-ls-toggle-control .components-form-toggle.is-checked>.components-form-toggle__thumb{background-color:white}.wpml-ls-toggle-control .components-form-toggle>.components-form-toggle__track{background-color:white;border-color:black}.wpml-ls-toggle-control .components-form-toggle>.components-form-toggle__thumb{background-color:black}.ant-select-dropdown{min-width:45px !important;max-width:45px !important;width:45px !important}.wpml-ls-color-control{border:1px solid #DDDDDD;border-bottom:0px;padding:10px;box-sizing:border-box}.wpml-ls-color-control.wpml-ls-with-bottom-border{border-bottom:1px solid #DDDDDD}.wpml-ls-color-control .wpml-ls-icon-no-color:hover{cursor:pointer}.wpml-ls-color-control .component-color-indicator{width:25px;height:25px;box-shadow:0px 0px 2px 1px lightgrey}.wpml-ls-color-control .component-color-indicator:hover{cursor:pointer}.wpml-ls-color-control .wpml-ls-color-title{top:3px}.wpml-ls-dimension-control{border-top:solid 1px #e0e0e0}.wpml-ls-dimension-control .components-panel__arrow{visibility:hidden}.wpml-ls-panel-settings-dropdown-container{position:absolute;right:0px}.wpml-ls-icon-link{width:24px;height:24px;top:3px;border-radius:2px}.ant-input-number-handler-wrap{display:none !important}.ant-input-number-input{padding-right:0px !important;padding-left:3px !important}.block-editor-contrast-checker+.block-editor-contrast-checker{display:none}.current-language-item{display:flex;align-items:center;min-height:30px}.current-language-item .wp-block-navigation-item__content>div{display:flex;align-items:center}.wpml-ls-fontLetterCase-control button.components-button.has-icon{margin-right:0 !important;min-width:30px !important;height:30px !important}.wpml-ls-fontLetterSpacing-control div.components-input-control__container{top:4px}[data-wpml='language-item']:first-of-type{margin-top:5px !important}.wpml-ls-dimension-panel .components-panel__arrow{display:none}.wpml-ls-typography-panel .components-panel__arrow{display:none}.wpml-ls-panel-settings-dropdown-container>div>button>span.anticon-more{font-size:large;margin-right:10px}.wpml-ls-panel-settings-dropdown-container>div>button>span.anticon-plus{font-size:medium;margin-right:10px}\n\n<\/style><div id=\"\" class=\"wpml-language-switcher-block is-layout-flex is-responsive has-child-selected wp-block-navigation\"><div class=\"block-editor-block-list__block wp-block wp-block-navigation-item has-link has-child wp-block-navigation-submenu\"><div id=\"\" class=\"\"><ul class=\"horizontal-list  hasSpacing isHorizontal\" style=\"--language-spacing:0px;flex-wrap:nowrap\" data-is-drop-zone=\"true\"><li class=\"wp-block-navigation-item \" data-wpml=\"language-item\"><div><a class=\"wp-block-navigation-item__content\" style=\"--font-family:'Graphik', sans-serif;--font-size:24px;--letter-spacing:0px;--text-transform:uppercase;color:#c45744;--hover-color:#c4574499\" data-wpml=\"link\" href=\"https:\/\/bidekariak.eus\/\"><span style=\"--font-family:'Graphik', sans-serif;--font-size:24px;--letter-spacing:0px;--text-transform:uppercase;color:#c45744;--hover-color:#c4574499\" data-wpml=\"label\" data-wpml-label-type=\"code\" class=\"wp-block-navigation-item__label  hasFontFamily hasFontSize hasLetterSpacing hasTextTransform hasHoverColor\">eu<\/span><\/a><\/div><\/li><li class=\"wp-block-navigation-item \" data-wpml=\"current-language-item\"><div><span style=\"--font-family:'Graphik', sans-serif;--font-size:24px;--letter-spacing:0px;--text-transform:uppercase\" data-wpml=\"label\" data-wpml-label-type=\"code\" class=\"wp-block-navigation-item__label  hasFontFamily hasFontSize hasLetterSpacing hasTextTransform\">es<\/span><\/div><\/li><\/ul><\/div><\/div><\/div>\n<\/div>\n\n\n\n<div class=\"wp-block-columns alignwide are-vertically-aligned-center is-not-stacked-on-mobile is-layout-flex wp-container-core-columns-is-layout-28f84493 wp-block-columns-is-layout-flex\">\n<div class=\"wp-block-column is-vertically-aligned-center is-layout-flow wp-block-column-is-layout-flow\" style=\"flex-basis:55%\">\n<h1 class=\"wp-block-heading\" style=\"border-left-color:var(--wp--preset--color--base);padding-left:0\">Acompa\u00f1antes en<br\/>Econom\u00eda social<br\/>transformadora<\/h1>\n\n\n\n<p>Impulsar un ecosistema emprendedor basado en una econom\u00eda social transformadora en los Pirineos<\/p>\n\n\n\n<p class=\"has-medium-font-size\">Un territorio pr\u00f3spero y resiliente, donde el emprendimiento est\u00e1 anclado en la Econom\u00eda Social Solidaria y es parte integral del desarrollo econ\u00f3mico y social.<\/p>\n<\/div>\n\n\n\n<div class=\"wp-block-column is-vertically-aligned-center has-primary-background-color has-background is-layout-flow wp-block-column-is-layout-flow\" style=\"border-radius:9999px\">\n<figure data-tanit-img-width=\"512\" data-tanit-img-height=\"512\" class=\"wp-block-image size-full is-resized\"><img loading=\"lazy\" decoding=\"async\" width=\"512\" height=\"512\" src=\"https:\/\/bidekariak.eus\/app\/uploads\/2025\/03\/cropped-Bidekari.png\" alt=\"\" class=\"wp-image-12\" style=\"object-fit:cover;width:622px;height:auto\" srcset=\"https:\/\/bidekariak.eus\/wp-content\/uploads\/2025\/03\/cropped-Bidekari.png 512w, https:\/\/bidekariak.eus\/wp-content\/uploads\/2025\/03\/cropped-Bidekari-300x300.png 300w, https:\/\/bidekariak.eus\/wp-content\/uploads\/2025\/03\/cropped-Bidekari-150x150.png 150w, https:\/\/bidekariak.eus\/wp-content\/uploads\/2025\/03\/cropped-Bidekari-270x270.png 270w, https:\/\/bidekariak.eus\/wp-content\/uploads\/2025\/03\/cropped-Bidekari-192x192.png 192w, https:\/\/bidekariak.eus\/wp-content\/uploads\/2025\/03\/cropped-Bidekari-180x180.png 180w, https:\/\/bidekariak.eus\/wp-content\/uploads\/2025\/03\/cropped-Bidekari-32x32.png 32w\" sizes=\"auto, (max-width: 512px) 100vw, 512px\" \/><\/figure>\n<\/div>\n<\/div>\n<\/div><\/div>\n\n<div class=\"wp-block-cover alignfull wp-duotone-292929-292929-2\"><span aria-hidden=\"true\" class=\"wp-block-cover__background has-tertiary-background-color has-background-dim-100 has-background-dim\"><\/span><img loading=\"lazy\" decoding=\"async\" width=\"1920\" height=\"696\" class=\"wp-block-cover__image-background wp-image-29\" alt=\"\" src=\"https:\/\/bidekariak.eus\/app\/uploads\/2025\/03\/vecteezy_vector-background-with-mountains-nature-mountain-in-green_8277939.jpg\" data-object-fit=\"cover\" srcset=\"https:\/\/bidekariak.eus\/wp-content\/uploads\/2025\/03\/vecteezy_vector-background-with-mountains-nature-mountain-in-green_8277939.jpg 1920w, https:\/\/bidekariak.eus\/wp-content\/uploads\/2025\/03\/vecteezy_vector-background-with-mountains-nature-mountain-in-green_8277939-300x109.jpg 300w, https:\/\/bidekariak.eus\/wp-content\/uploads\/2025\/03\/vecteezy_vector-background-with-mountains-nature-mountain-in-green_8277939-1024x371.jpg 1024w, https:\/\/bidekariak.eus\/wp-content\/uploads\/2025\/03\/vecteezy_vector-background-with-mountains-nature-mountain-in-green_8277939-768x278.jpg 768w, https:\/\/bidekariak.eus\/wp-content\/uploads\/2025\/03\/vecteezy_vector-background-with-mountains-nature-mountain-in-green_8277939-1536x557.jpg 1536w\" sizes=\"auto, (max-width: 1920px) 100vw, 1920px\" \/><div class=\"wp-block-cover__inner-container has-global-padding is-layout-constrained wp-block-cover-is-layout-constrained\">\n<h2 class=\"wp-block-heading alignwide\" style=\"margin-top:var(--wp--preset--spacing--30);margin-bottom:var(--wp--preset--spacing--30);padding-top:0;padding-bottom:0\"><strong>\u00bfQu\u00e9 hacemos?<\/strong><\/h2>\n\n\n\n<div class=\"wp-block-columns alignwide is-layout-flex wp-container-core-columns-is-layout-28f84493 wp-block-columns-is-layout-flex\">\n<div class=\"wp-block-column is-layout-flow wp-block-column-is-layout-flow\">\n<p>Estamos comprometidos a fortalecer la participaci\u00f3n activa de la ciudadan\u00eda en la creaci\u00f3n de proyectos innovadores y sostenibles que tengan un impacto social positivo en la regi\u00f3n. Entre ellas se incluye, durante el cambio generacional, fortalecer el ciclo de profesiones y lograr relevos exitosos.<\/p>\n<\/div>\n\n\n\n<div class=\"wp-block-column is-layout-flow wp-block-column-is-layout-flow\">\n<div style=\"height:36px\" aria-hidden=\"true\" class=\"wp-block-spacer\"><\/div>\n\n\n\n<p>Imaginamos una regi\u00f3n donde las comunidades locales se empoderan a trav\u00e9s de la participaci\u00f3n, el emprendimiento es un modus vivendi y los ciudadanos colaboran activamente y se apropian de sus proyectos, creando un impacto positivo en el medio ambiente.<\/p>\n<\/div>\n<\/div>\n<\/div><\/div>\n\n<figure data-tanit-img-width=\"1920\" data-tanit-img-height=\"339\" class=\"wp-block-image alignfull size-large has-custom-border wp-duotone-292929-ffffff-3\" style=\"margin-top:0;margin-bottom:0\"><img loading=\"lazy\" decoding=\"async\" width=\"1024\" height=\"181\" src=\"https:\/\/bidekariak.eus\/app\/uploads\/2025\/03\/mendiak-1024x181.png\" alt=\"\" class=\"wp-image-37\" style=\"border-radius:0px\" srcset=\"https:\/\/bidekariak.eus\/wp-content\/uploads\/2025\/03\/mendiak-1024x181.png 1024w, https:\/\/bidekariak.eus\/wp-content\/uploads\/2025\/03\/mendiak-300x53.png 300w, https:\/\/bidekariak.eus\/wp-content\/uploads\/2025\/03\/mendiak-768x136.png 768w, https:\/\/bidekariak.eus\/wp-content\/uploads\/2025\/03\/mendiak-1536x271.png 1536w, https:\/\/bidekariak.eus\/wp-content\/uploads\/2025\/03\/mendiak.png 1920w\" sizes=\"auto, (max-width: 1024px) 100vw, 1024px\" \/><\/figure>\n\n<div class=\"wp-block-columns alignwide is-layout-flex wp-container-core-columns-is-layout-28f84493 wp-block-columns-is-layout-flex\">\n<div class=\"wp-block-column is-layout-flow wp-block-column-is-layout-flow\">\n<h2 class=\"wp-block-heading\"><mark style=\"background-color:rgba(0, 0, 0, 0);color:#c45744\" class=\"has-inline-color\"><strong>1<\/strong> .<\/mark> <strong>Emprendimiento con prop\u00f3sito y sentido en la vida:<\/strong><\/h2>\n\n\n\n<p>El emprendimiento pirenaico tiene un fuerte enfoque en los objetivos sociales y ambientales y en el bienestar de sus habitantes. Los empresarios est\u00e1n comprometidos a mejorar la calidad de vida de las personas, preservar el medio ambiente natural, fortalecer la identidad cultural de la regi\u00f3n y garantizar que las comunidades y los medios de vida perduren en el tiempo.<\/p>\n<\/div>\n\n\n\n<div class=\"wp-block-column is-layout-flow wp-block-column-is-layout-flow\">\n<div style=\"height:100px\" aria-hidden=\"true\" class=\"wp-block-spacer\"><\/div>\n\n\n\n<h2 class=\"wp-block-heading\"><mark style=\"background-color:rgba(0, 0, 0, 0);color:#c45744\" class=\"has-inline-color\"><strong>2<\/strong> .<\/mark> <strong>Colaboraci\u00f3n y Cooperaci\u00f3n:<\/strong><\/h2>\n\n\n\n<p>Promovemos una cultura de colaboraci\u00f3n y cooperaci\u00f3n entre los actores del ecosistema emprendedor de los Pirineos, en el marco de un win-win, donde emprender no significa autoexplotaci\u00f3n, sino circularidad. Promovemos alianzas estrat\u00e9gicas entre emprendedores, instituciones p\u00fablicas, empresas privadas, organizaciones sin fines de lucro y sociedad civil para crear sinergias, compartir conocimientos y recursos, maximizar el impacto colectivo y lograr viabilidad.<\/p>\n<\/div>\n<\/div>\n\n<div class=\"wp-block-columns alignwide is-layout-flex wp-container-core-columns-is-layout-28f84493 wp-block-columns-is-layout-flex\">\n<div class=\"wp-block-column is-layout-flow wp-block-column-is-layout-flow\">\n<h2 class=\"wp-block-heading\"><mark style=\"background-color:rgba(0, 0, 0, 0);color:#c45744\" class=\"has-inline-color\"><strong>3<\/strong> .<\/mark> <strong>Equidad y justicia social:<\/strong><\/h2>\n\n\n\n<p>Queremos un Pirineo con equidad y justicia social en las oportunidades de emprendimiento. Trabajamos para eliminar barreras y brechas, y promover la inclusi\u00f3n de grupos hist\u00f3ricamente excluidos, como j\u00f3venes, mujeres, personas en situaci\u00f3n de vulnerabilidad, migrantes y comunidades rurales. Queremos que todos los vecinos del Pirineo Navarro tengan la oportunidad de participar y beneficiarse de iniciativas sociales, pero no de una forma econ\u00f3mica compleja, sino de una forma centrada en el buen vivir.<\/p>\n<\/div>\n\n\n\n<div class=\"wp-block-column is-layout-flow wp-block-column-is-layout-flow\">\n<div style=\"height:100px\" aria-hidden=\"true\" class=\"wp-block-spacer\"><\/div>\n\n\n\n<h2 class=\"wp-block-heading\"><mark style=\"background-color:rgba(0, 0, 0, 0);color:#c45744\" class=\"has-inline-color\"><strong>4<\/strong> .<\/mark> <strong>Resiliencia y sostenibilidad :<\/strong><\/h2>\n\n\n\n<p>Nos enfrentaremos a un Pirineo navarro que ser\u00e1 resiliente ante los retos econ\u00f3micos, sociales y ambientales que nos plantea el momento actual. Promovemos la adopci\u00f3n de pr\u00e1cticas comerciales sostenibles, la circularidad, la equidad, la gesti\u00f3n responsable de los recursos naturales y la capacidad de adaptaci\u00f3n al cambio. Nuestra visi\u00f3n implica fortalecer la econom\u00eda circular y la comunicaci\u00f3n, utilizando energ\u00edas renovables y promoviendo la agricultura y el turismo sostenibles.<\/p>\n<\/div>\n<\/div>\n","protected":false},"excerpt":{"rendered":"<p>1 . Emprendimiento con prop\u00f3sito y sentido en la vida: El emprendimiento pirenaico tiene un fuerte enfoque en los objetivos sociales y ambientales y en el bienestar de sus habitantes. Los empresarios est\u00e1n comprometidos a mejorar la calidad de vida de las personas, preservar el medio ambiente natural, fortalecer la identidad cultural de la regi\u00f3n [&hellip;]<\/p>\n","protected":false},"author":1,"featured_media":0,"parent":0,"menu_order":0,"comment_status":"closed","ping_status":"closed","template":"","meta":{"footnotes":""},"class_list":["post-45","page","type-page","status-publish","hentry"],"_links":{"self":[{"href":"https:\/\/bidekariak.eus\/es\/wp-json\/wp\/v2\/pages\/45","targetHints":{"allow":["GET"]}}],"collection":[{"href":"https:\/\/bidekariak.eus\/es\/wp-json\/wp\/v2\/pages"}],"about":[{"href":"https:\/\/bidekariak.eus\/es\/wp-json\/wp\/v2\/types\/page"}],"author":[{"embeddable":true,"href":"https:\/\/bidekariak.eus\/es\/wp-json\/wp\/v2\/users\/1"}],"replies":[{"embeddable":true,"href":"https:\/\/bidekariak.eus\/es\/wp-json\/wp\/v2\/comments?post=45"}],"version-history":[{"count":7,"href":"https:\/\/bidekariak.eus\/es\/wp-json\/wp\/v2\/pages\/45\/revisions"}],"predecessor-version":[{"id":109,"href":"https:\/\/bidekariak.eus\/es\/wp-json\/wp\/v2\/pages\/45\/revisions\/109"}],"wp:attachment":[{"href":"https:\/\/bidekariak.eus\/es\/wp-json\/wp\/v2\/media?parent=45"}],"curies":[{"name":"wp","href":"https:\/\/api.w.org\/{rel}","templated":true}]}}